{"id":7,"date":"2016-05-25T10:05:52","date_gmt":"2016-05-25T10:05:52","guid":{"rendered":"http:\/\/www.vertiqalteam.com\/wordpress-bronx\/?page_id=7"},"modified":"2016-12-28T18:11:11","modified_gmt":"2016-12-28T18:11:11","slug":"home","status":"publish","type":"page","link":"https:\/\/clearpassion.ro\/labrador\/ro\/home\/","title":{"rendered":"Prima pagina"},"content":{"rendered":"<p>[vc_row full_width=&#8221;stretch_row_content&#8221; css=&#8221;.vc_custom_1479292055191{padding-top: 0px !important;}&#8221;][vc_column][rev_slider_vc alias=&#8221;slider2&#8243;][\/vc_column][\/vc_row][vc_row full_width=&#8221;stretch_row&#8221; parallax=&#8221;stellar&#8221; parallax_image=&#8221;3882&#8243; parallax_speed_bg=&#8221;0.1&#8243;][vc_column][vc_column_text css=&#8221;.vc_custom_1477646257264{padding-bottom: 30px !important;}&#8221;]<\/p>\n<h1><span class=\"text-default-color\" style=\"color: #00ddf7;\">Golden<\/span> Retreiver<\/h1>\n<p>[\/vc_column_text][\/vc_column][vc_column width=&#8221;7\/12&#8243;][vc_column_text]<span style=\"color: #333333; font-family: Georgia, 'Times New Roman', 'Bitstream Charter', Times, serif; font-size: 16px; font-style: normal; font-variant-ligatures: normal; font-variant-caps: normal; font-weight: normal; letter-spacing: normal; orphans: 2; text-align: start; text-indent: 0px; text-transform: none; white-space: normal; widows: 2; word-spacing: 0px; -webkit-text-stroke-width: 0px; background-color: #ffffff; display: inline !important; float: none;\">Bine ati venit, prieteni! Haideti sa \u00eent\u00e2lniti familia de la Clear Passion! Canisa noastra \u00eesi propune sa \u00eembunatateasca calitatea programului de crestere cu fiecare noua generatie de c\u00e2ini. Ne dorim sa producem pui sanatosi care au o conformatie corecta, sunt sanatosi din punct de vedere fizic, fiind \u00een acelasi timp expresia temperamentului iubitor al rasei.\u00a0Dorim\u00a0ca fiecare dintre acesti pui sa aduca fiecarui nou detinator o binecuv\u00e2ntare si o bucurie la fel de mare precum cea pe care minunatii nostri c\u00e2ini ne-au adus-o noua. Asadar, ram\u00e2neti o vreme si bucurati-va de site-ul nostru.<\/span>[\/vc_column_text][vc_row_inner css=&#8221;.vc_custom_1467619067572{margin-top: 30px !important;}&#8221;][vc_column_inner]<a class='btn  btn-default ' href='http:\/\/clearpassion.ro\/cl\/ro\/golden-retriever-canisa-noastra\/'  style=''>Goldenul Retriever in canisa noastra <i class='bronx-icon-right'><\/i><\/a>[\/vc_column_inner][\/vc_row_inner][\/vc_column][\/vc_row][vc_row full_width=&#8221;stretch_row&#8221; parallax=&#8221;stellar&#8221; parallax_image=&#8221;3881&#8243; parallax_speed_bg=&#8221;0.1&#8243; vtq_section_overlay=&#8221;1&#8243; vtq_section_style=&#8221;dark-section&#8221; css=&#8221;.vc_custom_1482767137364{padding-top: 85px !important;padding-bottom: 65px !important;}&#8221;][vc_column width=&#8221;9\/12&#8243;][vc_column_text]<\/p>\n<h3 class=\"last\">Doresti un Golden Retriever?<\/h3>\n<p>[\/vc_column_text][\/vc_column][vc_column width=&#8221;3\/12&#8243; el_class=&#8221;text-right&#8221;]<a class='btn  btn-default ' href='http:\/\/clearpassion.ro\/cl\/ro\/golden-retriever-cuiburi\/'  style=''>Discover more <i class='bronx-icon-right'><\/i><\/a>[\/vc_column][\/vc_row][vc_row full_width=&#8221;stretch_row&#8221; parallax=&#8221;stellar&#8221; parallax_image=&#8221;3883&#8243; parallax_speed_bg=&#8221;0.1&#8243; css=&#8221;.vc_custom_1482767205245{margin-bottom: 0px !important;padding-top: 35px !important;padding-bottom: 35px !important;}&#8221;][vc_column][vc_column_text css=&#8221;.vc_custom_1477647667449{padding-bottom: 30px !important;}&#8221;]<\/p>\n<h1><span class=\"text-default-color\" style=\"color: #00ddf7;\">Labrador<\/span> Retreiver<\/h1>\n<p>[\/vc_column_text][\/vc_column][vc_column width=&#8221;7\/12&#8243;][vc_column_text]<span style=\"color: #333333; font-family: Georgia, 'Times New Roman', 'Bitstream Charter', Times, serif; font-size: 16px; font-style: normal; font-variant-ligatures: normal; font-variant-caps: normal; font-weight: normal; letter-spacing: normal; orphans: 2; text-align: start; text-indent: 0px; text-transform: none; white-space: normal; widows: 2; word-spacing: 0px; -webkit-text-stroke-width: 0px; background-color: #ffffff; display: inline !important; float: none;\">Sunt aurii, inteligenti, se aseamana fizic si pe deasupra sunt retrieveri. Goldenul si Labradorul sunt doua rase distincte si totodata foarte asemanatoare, drept pentru care sunt si des confundate. Cele doua rase se deosebesc probabil mai mult fizic decat temperamental.\u00a0Goldenul are un temperament mai \u201easezat\u201d desi la randul lui este un caine activ. Aparitia unui Golden Retriever este intotdeauna mai spectaculoasa decat a unui Labrador, mai ales datorita robei bogate, cu fir lung care formeaza franjuri in coada si pe corp si fanioane pe membrele anterioare. Este in medie mai inalt cu 4-5 cm decat Labradorul, si mai lung in corp, avand o alura mai degraba eleganta decat masiva.\u00a0 Labradorul este un caine mai activ decat Goldenul desi diferenta nu este notabila. Exista trei varietati de Labradori: galbeni, negri si ciocolatii.\u00a0Labradorul este mai putin inalt decat Goldenul si mai scurt. Parul este scurt si mai dens iar coada nu formeaza franjuri. Capul este mai lat decat al Goldenului. Deasemenea pieptul este mai lat la Labrador decat la Golden Retriever iar picioarele sunt mai scurte dand impresia unei robusteti mai mari.<\/span>[\/vc_column_text][vc_row_inner css=&#8221;.vc_custom_1467619067572{margin-top: 30px !important;}&#8221;][vc_column_inner]<a class='btn  btn-default ' href='http:\/\/clearpassion.ro\/cl\/labrador\/ro\/labrador-retriever-canisa-noastra\/'  style=''>Labradorul in Canisa Clear Passion <i class='bronx-icon-right'><\/i><\/a>[\/vc_column_inner][\/vc_row_inner][\/vc_column][\/vc_row][vc_row full_width=&#8221;stretch_row&#8221; parallax=&#8221;stellar&#8221; parallax_image=&#8221;2876&#8243; parallax_speed_bg=&#8221;0.1&#8243; vtq_section_overlay=&#8221;1&#8243; vtq_section_style=&#8221;dark-section&#8221; css=&#8221;.vc_custom_1477646451006{padding-top: 85px !important;padding-bottom: 65px !important;}&#8221;][vc_column width=&#8221;9\/12&#8243;][vc_column_text]<\/p>\n<h3 class=\"last\">Doresti un Labrador Retriever?<\/h3>\n<p>[\/vc_column_text][\/vc_column][vc_column width=&#8221;3\/12&#8243; el_class=&#8221;text-right&#8221;]<a class='btn  btn-default ' href='http:\/\/clearpassion.ro\/cl\/labrador\/ro\/labrador-retriever-cuiburi\/'  style=''>Discover more <i class='bronx-icon-right'><\/i><\/a>[\/vc_column][\/vc_row][vc_row][vc_column]<div class='text-center' ><div class='headline '><p>Motive pentru care sa alegeti<\/p><h4>un catel Clear Passion<\/h4><\/div><\/div>[\/vc_column][\/vc_row][vc_row][vc_column width=&#8221;1\/3&#8243;]<div class='service-box icon-left style-2  '>\r\n\t\t\t\t\t<i class='fa fa-paw'><\/i>\r\n\t\t\t\t\t<h6>Toti cainii nostri au Pedigree tipA<\/h6>\r\n\t\t\t\t\t<div class='service-box-content'>\r\n\t\t\t\t\t\t<p><span style=\"color: #6e6e6e;font-family: 'Open Sans', sans-serif;font-size: 14px;font-style: normal;font-weight: normal;letter-spacing: normal;text-align: start;text-indent: 0px;text-transform: none;background-color: #ffffff;float: none\">Toti cainii nostri au un Pedigree valoros, provenind din linii din import<\/span><\/p>\r\n\t\t\t\t\t\t \r\n\t\t\t\t\t<\/div>\r\n\t\t\t\t<\/div>[\/vc_column][vc_column width=&#8221;1\/3&#8243;]<div class='service-box icon-left style-2  '>\r\n\t\t\t\t\t<i class='fa fa-trophy '><\/i>\r\n\t\t\t\t\t<h6>Linii de Show<\/h6>\r\n\t\t\t\t\t<div class='service-box-content'>\r\n\t\t\t\t\t\t<p><span style=\"color: #6e6e6e;font-family: 'Open Sans', sans-serif;font-size: 14px;font-style: normal;font-weight: normal;letter-spacing: normal;text-align: start;text-indent: 0px;text-transform: none;background-color: #ffffff;float: none\">Toti cainii nostri sunt prezentati in expozitii canine. Majoritatea cainilor nostri sunt Campioni Juniori Romania si Campioni Seniori Romania.<\/span><\/p>\r\n\t\t\t\t\t\t \r\n\t\t\t\t\t<\/div>\r\n\t\t\t\t<\/div>[\/vc_column][vc_column width=&#8221;1\/3&#8243;]<div class='service-box icon-left style-2  '>\r\n\t\t\t\t\t<i class='fa fa-user-md'><\/i>\r\n\t\t\t\t\t<h6>Sunt testati oficial<\/h6>\r\n\t\t\t\t\t<div class='service-box-content'>\r\n\t\t\t\t\t\t<p><span style=\"color: #6e6e6e;font-family: 'Open Sans', sans-serif;font-size: 14px;font-style: normal;font-weight: normal;letter-spacing: normal;text-align: start;text-indent: 0px;text-transform: none;background-color: #ffffff;float: none\">Cainii nostri sunt testati oficial pentru displazie de sold, displazie de cot si tare oculare. Efectuam deasemenea si teste genetice, din ADN-ul cainilor, la laboratoare specializate, pentru a preveni aparitia oricaror probleme la cateii nostri<\/span><\/p>\r\n\t\t\t\t\t\t \r\n\t\t\t\t\t<\/div>\r\n\t\t\t\t<\/div>[\/vc_column][\/vc_row][vc_row][vc_column width=&#8221;1\/3&#8243;]<div class='service-box icon-left style-2  '>\r\n\t\t\t\t\t<i class='bronx-icon-key'><\/i>\r\n\t\t\t\t\t<h6>Experienta Vasta<\/h6>\r\n\t\t\t\t\t<div class='service-box-content'>\r\n\t\t\t\t\t\t<p><span style=\"color: #6e6e6e;font-family: 'Open Sans', sans-serif;font-size: 14px;font-style: normal;font-weight: normal;letter-spacing: normal;text-align: start;text-indent: 0px;text-transform: none;background-color: #ffffff;float: none\">Avem o experienta de peste 15 ani in lumea chinologica.\u00a0Motivul pentru care Canisa Clear Passion exista este iubirea adevarata pentru Labradori si Golden Retriever.<\/span><\/p>\r\n\t\t\t\t\t\t \r\n\t\t\t\t\t<\/div>\r\n\t\t\t\t<\/div>[\/vc_column][vc_column width=&#8221;1\/3&#8243;]<div class='service-box icon-left style-2  '>\r\n\t\t\t\t\t<i class='fa fa-balance-scale'><\/i>\r\n\t\t\t\t\t<h6>cainii Clear Passion ne reprezinta<\/h6>\r\n\t\t\t\t\t<div class='service-box-content'>\r\n\t\t\t\t\t\t<p><span style=\"color: #6e6e6e;font-family: 'Open Sans', sans-serif;font-size: 14px;font-style: normal;font-weight: normal;letter-spacing: normal;text-align: start;text-indent: 0px;text-transform: none;background-color: #ffffff;float: none\">Cainii care se nasc in canisa noastra, sunt caini pe care si noi am dori sa ii detinem. C\u00e2inii Clear Passion, se vor evidentia at\u00e2t \u00een ringul de concurs, c\u00e2t si \u00een inimile dumneavoastra.<\/span><\/p>\r\n\t\t\t\t\t\t \r\n\t\t\t\t\t<\/div>\r\n\t\t\t\t<\/div>[\/vc_column][vc_column width=&#8221;1\/3&#8243;]<div class='service-box icon-left style-2  '>\r\n\t\t\t\t\t<i class='fa fa-heart'><\/i>\r\n\t\t\t\t\t<h6>Retrieverii sunt pasiunea noastra<\/h6>\r\n\t\t\t\t\t<div class='service-box-content'>\r\n\t\t\t\t\t\t<p><span style=\"color: #6e6e6e;font-family: 'Open Sans', sans-serif;font-size: 14px;font-style: normal;font-weight: normal;letter-spacing: normal;text-align: start;text-indent: 0px;text-transform: none;background-color: #ffffff;float: none\">Calitatile exceptionale ale acestor rase \u2013 temperamentul minunat, personalitatea efervescenta, firea activa, comportamentul demn si inteligent \u2013 au inspirat acest site, care este dedicat prietenului nostru loial. Viziunea noastra este de a da sansa si altor persoane de a constata aceste calitati deosebite ale\u00a0Retrieverilor.<\/span><\/p>\r\n\t\t\t\t\t\t \r\n\t\t\t\t\t<\/div>\r\n\t\t\t\t<\/div>[\/vc_column][\/vc_row]<\/p>\n","protected":false},"excerpt":{"rendered":"<p>[vc_row full_width=&#8221;stretch_row_content&#8221; css=&#8221;.vc_custom_1479292055191{padding-top: 0px !important;}&#8221;][vc_column][rev_slider_vc alias=&#8221;slider2&#8243;][\/vc_column][\/vc_row][vc_row full_width=&#8221;stretch_row&#8221; parallax=&#8221;stellar&#8221; parallax_image=&#8221;3882&#8243; parallax_speed_bg=&#8221;0.1&#8243;][vc_column][vc_column_text css=&#8221;.vc_custom_1477646257264{padding-bottom: 30px !important;}&#8221;] Golden Retreiver [\/vc_column_text][\/vc_column][vc_column width=&#8221;7\/12&#8243;][vc_column_text]Bine ati venit, prieteni! Haideti sa \u00eent\u00e2lniti familia de la Clear Passion! Canisa noastra \u00eesi propune sa \u00eembunatateasca calitatea programului de crestere cu fiecare noua generatie de c\u00e2ini. Ne dorim sa producem pui sanatosi care au o conformatie corecta, [&hellip;]<\/p>\n","protected":false},"author":1,"featured_media":0,"parent":0,"menu_order":0,"comment_status":"closed","ping_status":"closed","template":"","meta":{"sfsi_plus_gutenberg_text_before_share":"","sfsi_plus_gutenberg_show_text_before_share":"","sfsi_plus_gutenberg_icon_type":"","sfsi_plus_gutenberg_icon_alignemt":"","sfsi_plus_gutenburg_max_per_row":"","iawp_total_views":76},"yoast_head":"<!-- This site is optimized with the Yoast SEO plugin v18.9 - https:\/\/yoast.com\/wordpress\/plugins\/seo\/ -->\n<title>Prima pagina - Labrador Retriever<\/title>\n<meta name=\"robots\" content=\"index, follow, max-snippet:-1, max-image-preview:large, max-video-preview:-1\" \/>\n<link rel=\"canonical\" href=\"https:\/\/clearpassion.ro\/labrador\/ro\/home\/\" \/>\n<meta property=\"og:locale\" content=\"en_US\" \/>\n<meta property=\"og:type\" content=\"article\" \/>\n<meta property=\"og:title\" content=\"Prima pagina - Labrador Retriever\" \/>\n<meta property=\"og:description\" content=\"[vc_row full_width=&#8221;stretch_row_content&#8221; css=&#8221;.vc_custom_1479292055191{padding-top: 0px !important;}&#8221;][vc_column][rev_slider_vc alias=&#8221;slider2&#8243;][\/vc_column][\/vc_row][vc_row full_width=&#8221;stretch_row&#8221; parallax=&#8221;stellar&#8221; parallax_image=&#8221;3882&#8243; parallax_speed_bg=&#8221;0.1&#8243;][vc_column][vc_column_text css=&#8221;.vc_custom_1477646257264{padding-bottom: 30px !important;}&#8221;] Golden Retreiver [\/vc_column_text][\/vc_column][vc_column width=&#8221;7\/12&#8243;][vc_column_text]Bine ati venit, prieteni! Haideti sa \u00eent\u00e2lniti familia de la Clear Passion! Canisa noastra \u00eesi propune sa \u00eembunatateasca calitatea programului de crestere cu fiecare noua generatie de c\u00e2ini. Ne dorim sa producem pui sanatosi care au o conformatie corecta, [&hellip;]\" \/>\n<meta property=\"og:url\" content=\"https:\/\/clearpassion.ro\/labrador\/ro\/home\/\" \/>\n<meta property=\"og:site_name\" content=\"Labrador Retriever\" \/>\n<meta property=\"article:publisher\" content=\"https:\/\/www.facebook.com\/clearpassionkennel\/\" \/>\n<meta property=\"article:modified_time\" content=\"2016-12-28T18:11:11+00:00\" \/>\n<meta name=\"twitter:card\" content=\"summary\" \/>\n<meta name=\"twitter:label1\" content=\"Est. reading time\" \/>\n\t<meta name=\"twitter:data1\" content=\"5 minutes\" \/>\n<script type=\"application\/ld+json\" class=\"yoast-schema-graph\">{\"@context\":\"https:\/\/schema.org\",\"@graph\":[{\"@type\":\"WebSite\",\"@id\":\"https:\/\/clearpassion.ro\/labrador\/#website\",\"url\":\"https:\/\/clearpassion.ro\/labrador\/\",\"name\":\"Labrador Retriever\",\"description\":\"Just another Clear Passion site\",\"potentialAction\":[{\"@type\":\"SearchAction\",\"target\":{\"@type\":\"EntryPoint\",\"urlTemplate\":\"https:\/\/clearpassion.ro\/labrador\/?s={search_term_string}\"},\"query-input\":\"required name=search_term_string\"}],\"inLanguage\":\"en-US\"},{\"@type\":\"WebPage\",\"@id\":\"https:\/\/clearpassion.ro\/labrador\/ro\/home\/#webpage\",\"url\":\"https:\/\/clearpassion.ro\/labrador\/ro\/home\/\",\"name\":\"Prima pagina - Labrador Retriever\",\"isPartOf\":{\"@id\":\"https:\/\/clearpassion.ro\/labrador\/#website\"},\"datePublished\":\"2016-05-25T10:05:52+00:00\",\"dateModified\":\"2016-12-28T18:11:11+00:00\",\"breadcrumb\":{\"@id\":\"https:\/\/clearpassion.ro\/labrador\/ro\/home\/#breadcrumb\"},\"inLanguage\":\"en-US\",\"potentialAction\":[{\"@type\":\"ReadAction\",\"target\":[\"https:\/\/clearpassion.ro\/labrador\/ro\/home\/\"]}]},{\"@type\":\"BreadcrumbList\",\"@id\":\"https:\/\/clearpassion.ro\/labrador\/ro\/home\/#breadcrumb\",\"itemListElement\":[{\"@type\":\"ListItem\",\"position\":1,\"name\":\"Home\",\"item\":\"https:\/\/clearpassion.ro\/labrador\/ro\/home\/\"},{\"@type\":\"ListItem\",\"position\":2,\"name\":\"Prima pagina\"}]}]}<\/script>\n<!-- \/ Yoast SEO plugin. -->","yoast_head_json":{"title":"Prima pagina - Labrador Retriever","robots":{"index":"index","follow":"follow","max-snippet":"max-snippet:-1","max-image-preview":"max-image-preview:large","max-video-preview":"max-video-preview:-1"},"canonical":"https:\/\/clearpassion.ro\/labrador\/ro\/home\/","og_locale":"en_US","og_type":"article","og_title":"Prima pagina - Labrador Retriever","og_description":"[vc_row full_width=&#8221;stretch_row_content&#8221; css=&#8221;.vc_custom_1479292055191{padding-top: 0px !important;}&#8221;][vc_column][rev_slider_vc alias=&#8221;slider2&#8243;][\/vc_column][\/vc_row][vc_row full_width=&#8221;stretch_row&#8221; parallax=&#8221;stellar&#8221; parallax_image=&#8221;3882&#8243; parallax_speed_bg=&#8221;0.1&#8243;][vc_column][vc_column_text css=&#8221;.vc_custom_1477646257264{padding-bottom: 30px !important;}&#8221;] Golden Retreiver [\/vc_column_text][\/vc_column][vc_column width=&#8221;7\/12&#8243;][vc_column_text]Bine ati venit, prieteni! Haideti sa \u00eent\u00e2lniti familia de la Clear Passion! Canisa noastra \u00eesi propune sa \u00eembunatateasca calitatea programului de crestere cu fiecare noua generatie de c\u00e2ini. Ne dorim sa producem pui sanatosi care au o conformatie corecta, [&hellip;]","og_url":"https:\/\/clearpassion.ro\/labrador\/ro\/home\/","og_site_name":"Labrador Retriever","article_publisher":"https:\/\/www.facebook.com\/clearpassionkennel\/","article_modified_time":"2016-12-28T18:11:11+00:00","twitter_card":"summary","twitter_misc":{"Est. reading time":"5 minutes"},"schema":{"@context":"https:\/\/schema.org","@graph":[{"@type":"WebSite","@id":"https:\/\/clearpassion.ro\/labrador\/#website","url":"https:\/\/clearpassion.ro\/labrador\/","name":"Labrador Retriever","description":"Just another Clear Passion site","potentialAction":[{"@type":"SearchAction","target":{"@type":"EntryPoint","urlTemplate":"https:\/\/clearpassion.ro\/labrador\/?s={search_term_string}"},"query-input":"required name=search_term_string"}],"inLanguage":"en-US"},{"@type":"WebPage","@id":"https:\/\/clearpassion.ro\/labrador\/ro\/home\/#webpage","url":"https:\/\/clearpassion.ro\/labrador\/ro\/home\/","name":"Prima pagina - Labrador Retriever","isPartOf":{"@id":"https:\/\/clearpassion.ro\/labrador\/#website"},"datePublished":"2016-05-25T10:05:52+00:00","dateModified":"2016-12-28T18:11:11+00:00","breadcrumb":{"@id":"https:\/\/clearpassion.ro\/labrador\/ro\/home\/#breadcrumb"},"inLanguage":"en-US","potentialAction":[{"@type":"ReadAction","target":["https:\/\/clearpassion.ro\/labrador\/ro\/home\/"]}]},{"@type":"BreadcrumbList","@id":"https:\/\/clearpassion.ro\/labrador\/ro\/home\/#breadcrumb","itemListElement":[{"@type":"ListItem","position":1,"name":"Home","item":"https:\/\/clearpassion.ro\/labrador\/ro\/home\/"},{"@type":"ListItem","position":2,"name":"Prima pagina"}]}]}},"_links":{"self":[{"href":"https:\/\/clearpassion.ro\/labrador\/wp-json\/wp\/v2\/pages\/7"}],"collection":[{"href":"https:\/\/clearpassion.ro\/labrador\/wp-json\/wp\/v2\/pages"}],"about":[{"href":"https:\/\/clearpassion.ro\/labrador\/wp-json\/wp\/v2\/types\/page"}],"author":[{"embeddable":true,"href":"https:\/\/clearpassion.ro\/labrador\/wp-json\/wp\/v2\/users\/1"}],"replies":[{"embeddable":true,"href":"https:\/\/clearpassion.ro\/labrador\/wp-json\/wp\/v2\/comments?post=7"}],"version-history":[{"count":9,"href":"https:\/\/clearpassion.ro\/labrador\/wp-json\/wp\/v2\/pages\/7\/revisions"}],"predecessor-version":[{"id":3886,"href":"https:\/\/clearpassion.ro\/labrador\/wp-json\/wp\/v2\/pages\/7\/revisions\/3886"}],"wp:attachment":[{"href":"https:\/\/clearpassion.ro\/labrador\/wp-json\/wp\/v2\/media?parent=7"}],"curies":[{"name":"wp","href":"https:\/\/api.w.org\/{rel}","templated":true}]}}