{"id":113,"date":"2016-11-10T09:46:02","date_gmt":"2016-11-10T09:46:02","guid":{"rendered":"http:\/\/www.vertiqalteam.com\/wordpress-bronx\/?page_id=113"},"modified":"2022-05-30T11:36:42","modified_gmt":"2022-05-30T11:36:42","slug":"golden-retriever-canisa-noastra","status":"publish","type":"page","link":"https:\/\/clearpassion.ro\/labrador\/ro\/labrador-retriever-canisa-noastra\/","title":{"rendered":"Labrador Retriever &#8211; Canisa noastra"},"content":{"rendered":"<p>[vc_row full_width=&#8221;stretch_row_content&#8221; video_bg=&#8221;yes&#8221; video_bg_url=&#8221;https:\/\/www.youtube.com\/watch?v=jotd1ztnz6g&#8221;][vc_column][vc_empty_space height=&#8221;150px&#8221;][\/vc_column][\/vc_row][vc_row][vc_column][vc_custom_heading text=&#8221;Labradorul Retriever in Canisa Clear Passion&#8221; font_container=&#8221;tag:h4|text_align:left&#8221; use_theme_fonts=&#8221;yes&#8221; css=&#8221;.vc_custom_1482448287300{margin-top: 35px !important;margin-bottom: 35px !important;}&#8221;]<div class=''><div id='69f3541ac5991' class=' no-margin-bottom'><\/div><\/div>[vc_column_text]<img loading=\"lazy\" class=\"size-medium wp-image-3678 alignleft\" src=\"http:\/\/clearpassion.ro\/labrador\/wp-content\/uploads\/sites\/2\/2016\/12\/glen2-450x356.jpg\" alt=\"glen2\" width=\"450\" height=\"356\" srcset=\"https:\/\/clearpassion.ro\/labrador\/wp-content\/uploads\/sites\/2\/2016\/12\/glen2-450x356.jpg 450w, https:\/\/clearpassion.ro\/labrador\/wp-content\/uploads\/sites\/2\/2016\/12\/glen2-768x608.jpg 768w, https:\/\/clearpassion.ro\/labrador\/wp-content\/uploads\/sites\/2\/2016\/12\/glen2-1024x811.jpg 1024w, https:\/\/clearpassion.ro\/labrador\/wp-content\/uploads\/sites\/2\/2016\/12\/glen2-945x748.jpg 945w, https:\/\/clearpassion.ro\/labrador\/wp-content\/uploads\/sites\/2\/2016\/12\/glen2-960x760.jpg 960w, https:\/\/clearpassion.ro\/labrador\/wp-content\/uploads\/sites\/2\/2016\/12\/glen2-606x480.jpg 606w, https:\/\/clearpassion.ro\/labrador\/wp-content\/uploads\/sites\/2\/2016\/12\/glen2-950x752.jpg 950w, https:\/\/clearpassion.ro\/labrador\/wp-content\/uploads\/sites\/2\/2016\/12\/glen2.jpg 1200w\" sizes=\"(max-width: 450px) 100vw, 450px\" \/>Bine ati venit, prieteni! Haideti sa \u00eent\u00e2lniti familia de la Clear Passion. Mica noastra canisa \u00eesi propune sa \u00eembunatateasca calitatea programului de crestere cu fiecare noua generatie de c\u00e2ini. Ne dorim sa producem pui sanatosi care au o conformatie corecta, sunt sanatosi din punct de vedere fizic, fiind \u00een acelasi timp expresia temperamentului iubitor al rasei.<br \/>\nRugaciunea nostra e ca fiecare dintre acesti pui sa aduca fiecarui nou detinator o binecuv\u00e2ntare si o bucurie la fel de mare precum cea pe care minunatii nostri c\u00e2ini ne-au adus-o noua. Asadar, ram\u00e2neti o vreme si bucurati-va de site-ul nostrum<\/p>\n<p>Motivul pentru care Canisa Clear Passion exista este iubirea adevarata pentru Labradori. Calitatile exceptionale ale acestei rase &#8211; temperamentul minunat, personalitatea efervescenta, firea activa, comportamentul demn si inteligent &#8211; au inspirat acest site, care este dedicat prietenului nostru loial. Viziunea noastra este de a da sansa si altor persoane de a constata aceste calitati deosebite ale Labradorilor. Scopul nostru, \u00een calitate de \u00eencepatori \u00een specializatul domeniu al cresterii c\u00e2inilor, este de a creste exemplare de calitate din aceasta rasa minunata. Asigur\u00e2ndu-ne ca labradorii nostri nu au numai calitati fizice excelente, dar si o purtare sociala asa cum se cuvine, speram ca acesti c\u00e2ini se vor evidentia at\u00e2t \u00een ringul de concurs, c\u00e2t si \u00een inimile dumneavoastra.<br \/>\nFenotipul Labradorului, asa cum ne straduim sa \u00eel obtinem la Clear Passion<br \/>\nUn c\u00e2ine solid de marime medie, cu o linie superioara corecta. El sau ea trebuie sa fie usor mai lung dec\u00e2t \u00eenalt (sa nu aiba forma unui patrat), cu osatura buna din cap p\u00e2na \u00een picioare. Un g\u00e2t potrivit asezat pe umeri bine formati, cu trenul anterior si posterior bine balansate si cu angulatie excelenta. Deasemenea, un piept bine dezvoltat, cu coaste puternic arcuite.<br \/>\nUn c\u00e2ine corect din puct de vedere structural va avea o linie superioara corecta atunci c\u00e2nd se afla \u00een miscare. Miscarea va acoperii bine terenul, \u00eentinz\u00e2nd bine membrele anterioare, si av\u00e2nd o buna propulsie a trenului posterior, miscare foarte eficienta, care presupune un minim de efort.<br \/>\n<img loading=\"lazy\" class=\"alignleft wp-image-3583\" src=\"http:\/\/clearpassion.ro\/labrador\/wp-content\/uploads\/sites\/2\/2016\/11\/ho9_zps1f713a65-300x258.jpg\" alt=\"ho9_zps1f713a65\" width=\"340\" height=\"292\" srcset=\"https:\/\/clearpassion.ro\/labrador\/wp-content\/uploads\/sites\/2\/2016\/11\/ho9_zps1f713a65-300x258.jpg 300w, https:\/\/clearpassion.ro\/labrador\/wp-content\/uploads\/sites\/2\/2016\/11\/ho9_zps1f713a65-768x660.jpg 768w, https:\/\/clearpassion.ro\/labrador\/wp-content\/uploads\/sites\/2\/2016\/11\/ho9_zps1f713a65-558x480.jpg 558w, https:\/\/clearpassion.ro\/labrador\/wp-content\/uploads\/sites\/2\/2016\/11\/ho9_zps1f713a65.jpg 800w\" sizes=\"(max-width: 340px) 100vw, 340px\" \/>Capul trebuie sa aibe un craniu lat cu ochi migdalati de culoarea alunei. Botul nu trebuie sa fie ascutit sau &#8216;\u00een v\u00e2nt&#8217;, fiind corect proportionat in raport cu restul craniului. Urechile trebuie sa fie asezate \u00een mod corect, av\u00e2nd marime si forma care sa se integreze frumos cu craniul \u00een ansamblu. Aceste conditii fiind \u00eendeplinite, c\u00e2inele va avea o expresie minunata, de bl\u00e2ndete, inteligenta si fidelitate.<br \/>\nC\u00e2inele trebuie sa aiba roba dubla, groasa si densa. Atunci c\u00e2nd c\u00e2inele este \u00een blana, aspectul angulatiilor va fi mai cizelat. Coada este deasemenea foarte importanta, si ar trebui sa arate precum cea a unei vidre, scurta si groasa la baza.<br \/>\nTemperamentul este semnul distinctiv al oricarui labrador adevarat. Acest c\u00e2ine este un companion fermecator, foarte docil si bl\u00e2nd cu copiii, si deloc agresiv sau certaret cu ceilalti c\u00e2ini. Este foarte curat, fiind un excelent c\u00e2ine de casa, si deasemenea un paznic vigilent.<br \/>\nNe concentram nu numai asupra obtinerii unui c\u00e2ine dragut, dar si a unui c\u00e2ine sanatos si corect din punct de vedere structural, cu un temperament ireprosabil[\/vc_column_text][\/vc_column][\/vc_row]<\/p>\n","protected":false},"excerpt":{"rendered":"<p>[vc_row full_width=&#8221;stretch_row_content&#8221; video_bg=&#8221;yes&#8221; video_bg_url=&#8221;https:\/\/www.youtube.com\/watch?v=jotd1ztnz6g&#8221;][vc_column][vc_empty_space height=&#8221;150px&#8221;][\/vc_column][\/vc_row][vc_row][vc_column][vc_custom_heading text=&#8221;Labradorul Retriever in Canisa Clear Passion&#8221; font_container=&#8221;tag:h4|text_align:left&#8221; use_theme_fonts=&#8221;yes&#8221; css=&#8221;.vc_custom_1482448287300{margin-top: 35px !important;margin-bottom: 35px !important;}&#8221;][vc_column_text]Bine ati venit, prieteni! Haideti sa \u00eent\u00e2lniti familia de la Clear Passion. Mica noastra canisa \u00eesi propune sa \u00eembunatateasca calitatea programului de crestere cu fiecare noua generatie de c\u00e2ini. Ne dorim sa producem pui sanatosi care au o [&hellip;]<\/p>\n","protected":false},"author":1,"featured_media":0,"parent":0,"menu_order":0,"comment_status":"closed","ping_status":"closed","template":"","meta":{"sfsi_plus_gutenberg_text_before_share":"","sfsi_plus_gutenberg_show_text_before_share":"","sfsi_plus_gutenberg_icon_type":"","sfsi_plus_gutenberg_icon_alignemt":"","sfsi_plus_gutenburg_max_per_row":"","iawp_total_views":36},"yoast_head":"<!-- This site is optimized with the Yoast SEO plugin v18.9 - https:\/\/yoast.com\/wordpress\/plugins\/seo\/ -->\n<title>Labrador Retriever - Canisa noastra - Labrador Retriever<\/title>\n<meta name=\"robots\" content=\"index, follow, max-snippet:-1, max-image-preview:large, max-video-preview:-1\" \/>\n<link rel=\"canonical\" href=\"https:\/\/clearpassion.ro\/labrador\/ro\/labrador-retriever-canisa-noastra\/\" \/>\n<meta property=\"og:locale\" content=\"en_US\" \/>\n<meta property=\"og:type\" content=\"article\" \/>\n<meta property=\"og:title\" content=\"Labrador Retriever - Canisa noastra - Labrador Retriever\" \/>\n<meta property=\"og:description\" content=\"[vc_row full_width=&#8221;stretch_row_content&#8221; video_bg=&#8221;yes&#8221; video_bg_url=&#8221;https:\/\/www.youtube.com\/watch?v=jotd1ztnz6g&#8221;][vc_column][vc_empty_space height=&#8221;150px&#8221;][\/vc_column][\/vc_row][vc_row][vc_column][vc_custom_heading text=&#8221;Labradorul Retriever in Canisa Clear Passion&#8221; font_container=&#8221;tag:h4|text_align:left&#8221; use_theme_fonts=&#8221;yes&#8221; css=&#8221;.vc_custom_1482448287300{margin-top: 35px !important;margin-bottom: 35px !important;}&#8221;][vc_column_text]Bine ati venit, prieteni! Haideti sa \u00eent\u00e2lniti familia de la Clear Passion. Mica noastra canisa \u00eesi propune sa \u00eembunatateasca calitatea programului de crestere cu fiecare noua generatie de c\u00e2ini. Ne dorim sa producem pui sanatosi care au o [&hellip;]\" \/>\n<meta property=\"og:url\" content=\"https:\/\/clearpassion.ro\/labrador\/ro\/labrador-retriever-canisa-noastra\/\" \/>\n<meta property=\"og:site_name\" content=\"Labrador Retriever\" \/>\n<meta property=\"article:publisher\" content=\"https:\/\/www.facebook.com\/clearpassionkennel\/\" \/>\n<meta property=\"article:modified_time\" content=\"2022-05-30T11:36:42+00:00\" \/>\n<meta property=\"og:image\" content=\"http:\/\/clearpassion.ro\/labrador\/wp-content\/uploads\/sites\/2\/2016\/12\/glen2-450x356.jpg\" \/>\n<meta name=\"twitter:card\" content=\"summary\" \/>\n<meta name=\"twitter:label1\" content=\"Est. reading time\" \/>\n\t<meta name=\"twitter:data1\" content=\"3 minutes\" \/>\n<script type=\"application\/ld+json\" class=\"yoast-schema-graph\">{\"@context\":\"https:\/\/schema.org\",\"@graph\":[{\"@type\":\"WebSite\",\"@id\":\"https:\/\/clearpassion.ro\/labrador\/#website\",\"url\":\"https:\/\/clearpassion.ro\/labrador\/\",\"name\":\"Labrador Retriever\",\"description\":\"Just another Clear Passion site\",\"potentialAction\":[{\"@type\":\"SearchAction\",\"target\":{\"@type\":\"EntryPoint\",\"urlTemplate\":\"https:\/\/clearpassion.ro\/labrador\/?s={search_term_string}\"},\"query-input\":\"required name=search_term_string\"}],\"inLanguage\":\"en-US\"},{\"@type\":\"ImageObject\",\"inLanguage\":\"en-US\",\"@id\":\"https:\/\/clearpassion.ro\/labrador\/ro\/labrador-retriever-canisa-noastra\/#primaryimage\",\"url\":\"http:\/\/clearpassion.ro\/labrador\/wp-content\/uploads\/sites\/2\/2016\/12\/glen2-450x356.jpg\",\"contentUrl\":\"http:\/\/clearpassion.ro\/labrador\/wp-content\/uploads\/sites\/2\/2016\/12\/glen2-450x356.jpg\"},{\"@type\":\"WebPage\",\"@id\":\"https:\/\/clearpassion.ro\/labrador\/ro\/labrador-retriever-canisa-noastra\/#webpage\",\"url\":\"https:\/\/clearpassion.ro\/labrador\/ro\/labrador-retriever-canisa-noastra\/\",\"name\":\"Labrador Retriever - Canisa noastra - Labrador Retriever\",\"isPartOf\":{\"@id\":\"https:\/\/clearpassion.ro\/labrador\/#website\"},\"primaryImageOfPage\":{\"@id\":\"https:\/\/clearpassion.ro\/labrador\/ro\/labrador-retriever-canisa-noastra\/#primaryimage\"},\"datePublished\":\"2016-11-10T09:46:02+00:00\",\"dateModified\":\"2022-05-30T11:36:42+00:00\",\"breadcrumb\":{\"@id\":\"https:\/\/clearpassion.ro\/labrador\/ro\/labrador-retriever-canisa-noastra\/#breadcrumb\"},\"inLanguage\":\"en-US\",\"potentialAction\":[{\"@type\":\"ReadAction\",\"target\":[\"https:\/\/clearpassion.ro\/labrador\/ro\/labrador-retriever-canisa-noastra\/\"]}]},{\"@type\":\"BreadcrumbList\",\"@id\":\"https:\/\/clearpassion.ro\/labrador\/ro\/labrador-retriever-canisa-noastra\/#breadcrumb\",\"itemListElement\":[{\"@type\":\"ListItem\",\"position\":1,\"name\":\"Home\",\"item\":\"https:\/\/clearpassion.ro\/labrador\/ro\/home\/\"},{\"@type\":\"ListItem\",\"position\":2,\"name\":\"Labrador Retriever &#8211; Canisa noastra\"}]}]}<\/script>\n<!-- \/ Yoast SEO plugin. -->","yoast_head_json":{"title":"Labrador Retriever - Canisa noastra - Labrador Retriever","robots":{"index":"index","follow":"follow","max-snippet":"max-snippet:-1","max-image-preview":"max-image-preview:large","max-video-preview":"max-video-preview:-1"},"canonical":"https:\/\/clearpassion.ro\/labrador\/ro\/labrador-retriever-canisa-noastra\/","og_locale":"en_US","og_type":"article","og_title":"Labrador Retriever - Canisa noastra - Labrador Retriever","og_description":"[vc_row full_width=&#8221;stretch_row_content&#8221; video_bg=&#8221;yes&#8221; video_bg_url=&#8221;https:\/\/www.youtube.com\/watch?v=jotd1ztnz6g&#8221;][vc_column][vc_empty_space height=&#8221;150px&#8221;][\/vc_column][\/vc_row][vc_row][vc_column][vc_custom_heading text=&#8221;Labradorul Retriever in Canisa Clear Passion&#8221; font_container=&#8221;tag:h4|text_align:left&#8221; use_theme_fonts=&#8221;yes&#8221; css=&#8221;.vc_custom_1482448287300{margin-top: 35px !important;margin-bottom: 35px !important;}&#8221;][vc_column_text]Bine ati venit, prieteni! Haideti sa \u00eent\u00e2lniti familia de la Clear Passion. Mica noastra canisa \u00eesi propune sa \u00eembunatateasca calitatea programului de crestere cu fiecare noua generatie de c\u00e2ini. Ne dorim sa producem pui sanatosi care au o [&hellip;]","og_url":"https:\/\/clearpassion.ro\/labrador\/ro\/labrador-retriever-canisa-noastra\/","og_site_name":"Labrador Retriever","article_publisher":"https:\/\/www.facebook.com\/clearpassionkennel\/","article_modified_time":"2022-05-30T11:36:42+00:00","og_image":[{"url":"http:\/\/clearpassion.ro\/labrador\/wp-content\/uploads\/sites\/2\/2016\/12\/glen2-450x356.jpg"}],"twitter_card":"summary","twitter_misc":{"Est. reading time":"3 minutes"},"schema":{"@context":"https:\/\/schema.org","@graph":[{"@type":"WebSite","@id":"https:\/\/clearpassion.ro\/labrador\/#website","url":"https:\/\/clearpassion.ro\/labrador\/","name":"Labrador Retriever","description":"Just another Clear Passion site","potentialAction":[{"@type":"SearchAction","target":{"@type":"EntryPoint","urlTemplate":"https:\/\/clearpassion.ro\/labrador\/?s={search_term_string}"},"query-input":"required name=search_term_string"}],"inLanguage":"en-US"},{"@type":"ImageObject","inLanguage":"en-US","@id":"https:\/\/clearpassion.ro\/labrador\/ro\/labrador-retriever-canisa-noastra\/#primaryimage","url":"http:\/\/clearpassion.ro\/labrador\/wp-content\/uploads\/sites\/2\/2016\/12\/glen2-450x356.jpg","contentUrl":"http:\/\/clearpassion.ro\/labrador\/wp-content\/uploads\/sites\/2\/2016\/12\/glen2-450x356.jpg"},{"@type":"WebPage","@id":"https:\/\/clearpassion.ro\/labrador\/ro\/labrador-retriever-canisa-noastra\/#webpage","url":"https:\/\/clearpassion.ro\/labrador\/ro\/labrador-retriever-canisa-noastra\/","name":"Labrador Retriever - Canisa noastra - Labrador Retriever","isPartOf":{"@id":"https:\/\/clearpassion.ro\/labrador\/#website"},"primaryImageOfPage":{"@id":"https:\/\/clearpassion.ro\/labrador\/ro\/labrador-retriever-canisa-noastra\/#primaryimage"},"datePublished":"2016-11-10T09:46:02+00:00","dateModified":"2022-05-30T11:36:42+00:00","breadcrumb":{"@id":"https:\/\/clearpassion.ro\/labrador\/ro\/labrador-retriever-canisa-noastra\/#breadcrumb"},"inLanguage":"en-US","potentialAction":[{"@type":"ReadAction","target":["https:\/\/clearpassion.ro\/labrador\/ro\/labrador-retriever-canisa-noastra\/"]}]},{"@type":"BreadcrumbList","@id":"https:\/\/clearpassion.ro\/labrador\/ro\/labrador-retriever-canisa-noastra\/#breadcrumb","itemListElement":[{"@type":"ListItem","position":1,"name":"Home","item":"https:\/\/clearpassion.ro\/labrador\/ro\/home\/"},{"@type":"ListItem","position":2,"name":"Labrador Retriever &#8211; Canisa noastra"}]}]}},"_links":{"self":[{"href":"https:\/\/clearpassion.ro\/labrador\/wp-json\/wp\/v2\/pages\/113"}],"collection":[{"href":"https:\/\/clearpassion.ro\/labrador\/wp-json\/wp\/v2\/pages"}],"about":[{"href":"https:\/\/clearpassion.ro\/labrador\/wp-json\/wp\/v2\/types\/page"}],"author":[{"embeddable":true,"href":"https:\/\/clearpassion.ro\/labrador\/wp-json\/wp\/v2\/users\/1"}],"replies":[{"embeddable":true,"href":"https:\/\/clearpassion.ro\/labrador\/wp-json\/wp\/v2\/comments?post=113"}],"version-history":[{"count":10,"href":"https:\/\/clearpassion.ro\/labrador\/wp-json\/wp\/v2\/pages\/113\/revisions"}],"predecessor-version":[{"id":5496,"href":"https:\/\/clearpassion.ro\/labrador\/wp-json\/wp\/v2\/pages\/113\/revisions\/5496"}],"wp:attachment":[{"href":"https:\/\/clearpassion.ro\/labrador\/wp-json\/wp\/v2\/media?parent=113"}],"curies":[{"name":"wp","href":"https:\/\/api.w.org\/{rel}","templated":true}]}}